{"id":8,"date":"2013-01-05T12:09:39","date_gmt":"2013-01-05T12:09:39","guid":{"rendered":"http:\/\/www.koutaniemenms.fi\/?page_id=8"},"modified":"2022-02-25T09:40:23","modified_gmt":"2022-02-25T07:40:23","slug":"tervetuloa","status":"publish","type":"page","link":"https:\/\/www.koutaniemenms.fi\/","title":{"rendered":"Tervetuloa"},"content":{"rendered":"<p>Koutaniemen mets\u00e4stysseura ry on vuonna 1961 perustettu<br \/>\nmets\u00e4stysseura, joka toimii Kajaanin l\u00e4nsipuolella Ouluj\u00e4rven kupeessa.<\/p>\n<p>J\u00e4seni\u00e4 yhdistyksess\u00e4mme on 114 henkil\u00f6\u00e4.<br \/>\nYhdistyksemme harjoittaa j\u00e4rkiper\u00e4ist\u00e4 mets\u00e4styst\u00e4 ja riistanhoitoa,<br \/>\nsek\u00e4 niiden edellytt\u00e4m\u00e4\u00e4 luonnonsuojelua ja ampumaurheilua.<\/p>\n<p><a href=\"https:\/\/www.koutaniemenms.fi\/wp-content\/uploads\/2013\/01\/Iltarusko.jpg\"><img loading=\"lazy\" decoding=\"async\" class=\"alignnone size-large wp-image-273\" src=\"https:\/\/www.koutaniemenms.fi\/wp-content\/uploads\/2013\/01\/Iltarusko-1024x768.jpg\" alt=\"Iltarusko\" width=\"584\" height=\"438\" \/><\/a><\/p>\n","protected":false},"excerpt":{"rendered":"<p>Koutaniemen mets\u00e4stysseura ry on vuonna 1961 perustettu mets\u00e4stysseura, joka toimii Kajaanin l\u00e4nsipuolella Ouluj\u00e4rven kupeessa. J\u00e4seni\u00e4 yhdistyksess\u00e4mme on 114 henkil\u00f6\u00e4. Yhdistyksemme harjoittaa j\u00e4rkiper\u00e4ist\u00e4 mets\u00e4styst\u00e4 ja riistanhoitoa, sek\u00e4 niiden edellytt\u00e4m\u00e4\u00e4 luonnonsuojelua ja ampumaurheilua.<\/p>\n","protected":false},"author":1,"featured_media":0,"parent":0,"menu_order":1,"comment_status":"closed","ping_status":"closed","template":"sidebar-page.php","meta":{"jetpack_post_was_ever_published":false,"footnotes":""},"class_list":["post-8","page","type-page","status-publish","hentry"],"jetpack_shortlink":"https:\/\/wp.me\/P32g6Y-8","jetpack_sharing_enabled":false,"_links":{"self":[{"href":"https:\/\/www.koutaniemenms.fi\/index.php?rest_route=\/wp\/v2\/pages\/8","targetHints":{"allow":["GET"]}}],"collection":[{"href":"https:\/\/www.koutaniemenms.fi\/index.php?rest_route=\/wp\/v2\/pages"}],"about":[{"href":"https:\/\/www.koutaniemenms.fi\/index.php?rest_route=\/wp\/v2\/types\/page"}],"author":[{"embeddable":true,"href":"https:\/\/www.koutaniemenms.fi\/index.php?rest_route=\/wp\/v2\/users\/1"}],"replies":[{"embeddable":true,"href":"https:\/\/www.koutaniemenms.fi\/index.php?rest_route=%2Fwp%2Fv2%2Fcomments&post=8"}],"version-history":[{"count":16,"href":"https:\/\/www.koutaniemenms.fi\/index.php?rest_route=\/wp\/v2\/pages\/8\/revisions"}],"predecessor-version":[{"id":865,"href":"https:\/\/www.koutaniemenms.fi\/index.php?rest_route=\/wp\/v2\/pages\/8\/revisions\/865"}],"wp:attachment":[{"href":"https:\/\/www.koutaniemenms.fi\/index.php?rest_route=%2Fwp%2Fv2%2Fmedia&parent=8"}],"curies":[{"name":"wp","href":"https:\/\/api.w.org\/{rel}","templated":true}]}}