{"id":316,"date":"2013-08-16T11:30:35","date_gmt":"2013-08-16T09:30:35","guid":{"rendered":"http:\/\/www.koutaniemenms.fi\/?page_id=316"},"modified":"2026-02-09T08:57:20","modified_gmt":"2026-02-09T06:57:20","slug":"luvat-ja-maksut","status":"publish","type":"page","link":"https:\/\/www.koutaniemenms.fi\/?page_id=316","title":{"rendered":"Maksut ja luvat"},"content":{"rendered":"<p>Seuran j\u00e4senmaksu v. 2026 on 30\u20ac ja talkoomaksu on 30\u20ac.<\/p>\n<p>Sorsastukseen myyd\u00e4\u00e4n kausilupia hintaan 25\u20ac \/ kausi. Lupa kattaa Paltaniemen-Jormuan osakaskunnan vesialueen johon seuran alue rajoittuu maalla. Luvan voi maksaa seuran tilille tai ostaa Jahtiaitasta Kasarminkatu 43 b Kajaani.<\/p>\n<p>J\u00e4nislupia myyd\u00e4\u00e4n\u00a0heti j\u00e4niksen mets\u00e4styskauden alusta alkaen (1.9.) hintaan 10\u20ac \/ vrk, laskun viitteeseen is\u00e4nn\u00e4n ja vieraan nimet sek\u00e4 mets\u00e4stysp\u00e4iv\u00e4. Is\u00e4nn\u00e4n on oltava mukana j\u00e4nisjahdissa.<\/p>\n<p>Maksut seuran tilille FI53 5760 0340 0045 54<\/p>\n","protected":false},"excerpt":{"rendered":"<p>Seuran j\u00e4senmaksu v. 2026 on 30\u20ac ja talkoomaksu on 30\u20ac. Sorsastukseen myyd\u00e4\u00e4n kausilupia hintaan 25\u20ac \/ kausi. Lupa kattaa Paltaniemen-Jormuan osakaskunnan vesialueen johon seuran alue rajoittuu maalla. Luvan voi maksaa seuran tilille tai ostaa Jahtiaitasta Kasarminkatu 43 b Kajaani. J\u00e4nislupia &hellip; <a href=\"https:\/\/www.koutaniemenms.fi\/?page_id=316\">Continue reading <span class=\"meta-nav\">&rarr;<\/span><\/a><\/p>\n","protected":false},"author":2,"featured_media":0,"parent":0,"menu_order":5,"comment_status":"closed","ping_status":"closed","template":"sidebar-page.php","meta":{"jetpack_post_was_ever_published":false,"footnotes":""},"class_list":["post-316","page","type-page","status-publish","hentry"],"jetpack_shortlink":"https:\/\/wp.me\/P32g6Y-56","jetpack_sharing_enabled":true,"_links":{"self":[{"href":"https:\/\/www.koutaniemenms.fi\/index.php?rest_route=\/wp\/v2\/pages\/316","targetHints":{"allow":["GET"]}}],"collection":[{"href":"https:\/\/www.koutaniemenms.fi\/index.php?rest_route=\/wp\/v2\/pages"}],"about":[{"href":"https:\/\/www.koutaniemenms.fi\/index.php?rest_route=\/wp\/v2\/types\/page"}],"author":[{"embeddable":true,"href":"https:\/\/www.koutaniemenms.fi\/index.php?rest_route=\/wp\/v2\/users\/2"}],"replies":[{"embeddable":true,"href":"https:\/\/www.koutaniemenms.fi\/index.php?rest_route=%2Fwp%2Fv2%2Fcomments&post=316"}],"version-history":[{"count":28,"href":"https:\/\/www.koutaniemenms.fi\/index.php?rest_route=\/wp\/v2\/pages\/316\/revisions"}],"predecessor-version":[{"id":1005,"href":"https:\/\/www.koutaniemenms.fi\/index.php?rest_route=\/wp\/v2\/pages\/316\/revisions\/1005"}],"wp:attachment":[{"href":"https:\/\/www.koutaniemenms.fi\/index.php?rest_route=%2Fwp%2Fv2%2Fmedia&parent=316"}],"curies":[{"name":"wp","href":"https:\/\/api.w.org\/{rel}","templated":true}]}}